{"id":957,"date":"2024-01-12T14:03:44","date_gmt":"2024-01-12T17:03:44","guid":{"rendered":"https:\/\/frascomar.meltcomunicacao.com.br\/?page_id=957"},"modified":"2024-03-05T12:21:48","modified_gmt":"2024-03-05T15:21:48","slug":"responsabilidade-social-e-sustentabilidade","status":"publish","type":"page","link":"https:\/\/www.frascomar.com.br\/es\/responsabilidade-social-e-sustentabilidade\/","title":{"rendered":"Responsabilidade Social e Sustentabilidade"},"content":{"rendered":"<div data-elementor-type=\"wp-page\" data-elementor-id=\"957\" class=\"elementor elementor-957\" data-elementor-post-type=\"page\">\n\t\t\t\t<div class=\"elementor-element elementor-element-218a6d9 e-flex e-con-boxed e-con e-parent\" data-id=\"218a6d9\" data-element_type=\"container\" data-settings=\"{&quot;background_background&quot;:&quot;classic&quot;}\">\n\t\t\t\t\t<div class=\"e-con-inner\">\n\t\t\t\t\t<\/div>\n\t\t\t\t<\/div>\n\t\t<div class=\"elementor-element elementor-element-034f8cf e-flex e-con-boxed e-con e-parent\" data-id=\"034f8cf\" data-element_type=\"container\">\n\t\t\t\t\t<div class=\"e-con-inner\">\n\t\t<div class=\"elementor-element elementor-element-f769d10 e-flex e-con-boxed e-con e-child\" data-id=\"f769d10\" data-element_type=\"container\" data-settings=\"{&quot;background_background&quot;:&quot;classic&quot;}\">\n\t\t\t\t\t<div class=\"e-con-inner\">\n\t\t\t\t<div class=\"elementor-element elementor-element-e56b3e2 elementor-widget elementor-widget-spacer\" data-id=\"e56b3e2\" data-element_type=\"widget\" data-widget_type=\"spacer.default\">\n\t\t\t\t<div class=\"elementor-widget-container\">\n\t\t\t<style>\/*! elementor - v3.21.0 - 08-05-2024 *\/\n.elementor-column .elementor-spacer-inner{height:var(--spacer-size)}.e-con{--container-widget-width:100%}.e-con-inner>.elementor-widget-spacer,.e-con>.elementor-widget-spacer{width:var(--container-widget-width,var(--spacer-size));--align-self:var(--container-widget-align-self,initial);--flex-shrink:0}.e-con-inner>.elementor-widget-spacer>.elementor-widget-container,.e-con>.elementor-widget-spacer>.elementor-widget-container{height:100%;width:100%}.e-con-inner>.elementor-widget-spacer>.elementor-widget-container>.elementor-spacer,.e-con>.elementor-widget-spacer>.elementor-widget-container>.elementor-spacer{height:100%}.e-con-inner>.elementor-widget-spacer>.elementor-widget-container>.elementor-spacer>.elementor-spacer-inner,.e-con>.elementor-widget-spacer>.elementor-widget-container>.elementor-spacer>.elementor-spacer-inner{height:var(--container-widget-height,var(--spacer-size))}.e-con-inner>.elementor-widget-spacer.elementor-widget-empty,.e-con>.elementor-widget-spacer.elementor-widget-empty{position:relative;min-height:22px;min-width:22px}.e-con-inner>.elementor-widget-spacer.elementor-widget-empty .elementor-widget-empty-icon,.e-con>.elementor-widget-spacer.elementor-widget-empty .elementor-widget-empty-icon{position:absolute;top:0;bottom:0;left:0;right:0;margin:auto;padding:0;width:22px;height:22px}<\/style>\t\t<div class=\"elementor-spacer\">\n\t\t\t<div class=\"elementor-spacer-inner\"><\/div>\n\t\t<\/div>\n\t\t\t\t<\/div>\n\t\t\t\t<\/div>\n\t\t\t\t\t<\/div>\n\t\t\t\t<\/div>\n\t\t<div class=\"elementor-element elementor-element-90a3090 e-flex e-con-boxed e-con e-child\" data-id=\"90a3090\" data-element_type=\"container\">\n\t\t\t\t\t<div class=\"e-con-inner\">\n\t\t\t\t<div class=\"elementor-element elementor-element-9b1ae3d elementor-widget elementor-widget-heading\" data-id=\"9b1ae3d\" data-element_type=\"widget\" data-widget_type=\"heading.default\">\n\t\t\t\t<div class=\"elementor-widget-container\">\n\t\t\t<style>\/*! elementor - v3.21.0 - 08-05-2024 *\/\n.elementor-heading-title{padding:0;margin:0;line-height:1}.elementor-widget-heading .elementor-heading-title[class*=elementor-size-]>a{color:inherit;font-size:inherit;line-height:inherit}.elementor-widget-heading .elementor-heading-title.elementor-size-small{font-size:15px}.elementor-widget-heading .elementor-heading-title.elementor-size-medium{font-size:19px}.elementor-widget-heading .elementor-heading-title.elementor-size-large{font-size:29px}.elementor-widget-heading .elementor-heading-title.elementor-size-xl{font-size:39px}.elementor-widget-heading .elementor-heading-title.elementor-size-xxl{font-size:59px}<\/style><h2 class=\"elementor-heading-title elementor-size-default\">Responsabilidad social <\/h2>\t\t<\/div>\n\t\t\t\t<\/div>\n\t\t\t\t<div class=\"elementor-element elementor-element-6af63ac elementor-widget elementor-widget-text-editor\" data-id=\"6af63ac\" data-element_type=\"widget\" data-widget_type=\"text-editor.default\">\n\t\t\t\t<div class=\"elementor-widget-container\">\n\t\t\t<style>\/*! elementor - v3.21.0 - 08-05-2024 *\/\n.elementor-widget-text-editor.elementor-drop-cap-view-stacked .elementor-drop-cap{background-color:#69727d;color:#fff}.elementor-widget-text-editor.elementor-drop-cap-view-framed .elementor-drop-cap{color:#69727d;border:3px solid;background-color:transparent}.elementor-widget-text-editor:not(.elementor-drop-cap-view-default) .elementor-drop-cap{margin-top:8px}.elementor-widget-text-editor:not(.elementor-drop-cap-view-default) .elementor-drop-cap-letter{width:1em;height:1em}.elementor-widget-text-editor .elementor-drop-cap{float:left;text-align:center;line-height:1;font-size:50px}.elementor-widget-text-editor .elementor-drop-cap-letter{display:inline-block}<\/style>\t\t\t\t<p><span style=\"font-weight: 400;\">En Frascomar, entendemos que la sostenibilidad y la responsabilidad social no son simplemente partes integrantes de nuestra estrategia empresarial; son el n\u00facleo de todas nuestras acciones y decisiones. Estamos comprometidos a liderar con el ejemplo, demostrando c\u00f3mo las pr\u00e1cticas comerciales responsables pueden ir de la mano con el \u00e9xito econ\u00f3mico. A trav\u00e9s de esta p\u00e1gina, queremos compartir con ustedes nuestros esfuerzos continuos y nuestro compromiso inquebrantable con la preservaci\u00f3n del medio ambiente, la seguridad en el trabajo y la excelencia en todas nuestras actividades.<\/span><\/p>\t\t\t\t\t\t<\/div>\n\t\t\t\t<\/div>\n\t\t\t\t\t<\/div>\n\t\t\t\t<\/div>\n\t\t\t\t\t<\/div>\n\t\t\t\t<\/div>\n\t\t<div class=\"elementor-element elementor-element-27c56fb e-flex e-con-boxed e-con e-parent\" data-id=\"27c56fb\" data-element_type=\"container\">\n\t\t\t\t\t<div class=\"e-con-inner\">\n\t\t<div class=\"elementor-element elementor-element-38ccc9c e-flex e-con-boxed e-con e-child\" data-id=\"38ccc9c\" data-element_type=\"container\">\n\t\t\t\t\t<div class=\"e-con-inner\">\n\t\t<div class=\"elementor-element elementor-element-a674896 e-flex e-con-boxed e-con e-child\" data-id=\"a674896\" data-element_type=\"container\">\n\t\t\t\t\t<div class=\"e-con-inner\">\n\t\t<div class=\"elementor-element elementor-element-3ef695e e-flex e-con-boxed e-con e-child\" data-id=\"3ef695e\" data-element_type=\"container\" data-settings=\"{&quot;background_background&quot;:&quot;classic&quot;}\">\n\t\t\t\t\t<div class=\"e-con-inner\">\n\t\t\t\t<div class=\"elementor-element elementor-element-4e40f2a elementor-widget elementor-widget-heading\" data-id=\"4e40f2a\" data-element_type=\"widget\" data-widget_type=\"heading.default\">\n\t\t\t\t<div class=\"elementor-widget-container\">\n\t\t\t<h2 class=\"elementor-heading-title elementor-size-default\">Seguridad y Bienestar Laboral\n<\/h2>\t\t<\/div>\n\t\t\t\t<\/div>\n\t\t\t\t<div class=\"elementor-element elementor-element-714c5db elementor-widget elementor-widget-text-editor\" data-id=\"714c5db\" data-element_type=\"widget\" data-widget_type=\"text-editor.default\">\n\t\t\t\t<div class=\"elementor-widget-container\">\n\t\t\t\t\t\t\t<p><span style=\"font-weight: 400;\">La seguridad de nuestro equipo y de todos los involucrados en nuestras operaciones es prioritaria. Hemos implementado rigurosos protocolos de seguridad y salud ocupacional para garantizar un ambiente de trabajo seguro y saludable. Nuestras pol\u00edticas y procedimientos son constantemente revisados y mejorados, con el objetivo no solo de cumplir, sino de superar los est\u00e1ndares regulatorios. Creemos que un ambiente de trabajo seguro es fundamental para el bienestar de nuestros colaboradores y para la productividad de nuestra empresa.<\/span><\/p>\t\t\t\t\t\t<\/div>\n\t\t\t\t<\/div>\n\t\t\t\t\t<\/div>\n\t\t\t\t<\/div>\n\t\t<div class=\"elementor-element elementor-element-0abfb59 e-flex e-con-boxed e-con e-child\" data-id=\"0abfb59\" data-element_type=\"container\" data-settings=\"{&quot;background_background&quot;:&quot;classic&quot;}\">\n\t\t\t\t\t<div class=\"e-con-inner\">\n\t\t\t\t<div class=\"elementor-element elementor-element-bcd0125 elementor-widget elementor-widget-heading\" data-id=\"bcd0125\" data-element_type=\"widget\" data-widget_type=\"heading.default\">\n\t\t\t\t<div class=\"elementor-widget-container\">\n\t\t\t<h2 class=\"elementor-heading-title elementor-size-default\">Educaci\u00f3n y Capacitaci\u00f3n para la Sostenibilidad\n<\/h2>\t\t<\/div>\n\t\t\t\t<\/div>\n\t\t\t\t<div class=\"elementor-element elementor-element-86edfa6 elementor-widget elementor-widget-text-editor\" data-id=\"86edfa6\" data-element_type=\"widget\" data-widget_type=\"text-editor.default\">\n\t\t\t\t<div class=\"elementor-widget-container\">\n\t\t\t\t\t\t\t<p><span style=\"font-weight: 400;\">Conscientes de que el \u00e9xito de nuestras pr\u00e1cticas sostenibles depende de la participaci\u00f3n activa de todos nuestros colaboradores, invertimos fuertemente en educaci\u00f3n y capacitaci\u00f3n. Programas de capacitaci\u00f3n regulares, talleres y campa\u00f1as de concientizaci\u00f3n aseguran que nuestro equipo est\u00e9 bien informado sobre los procedimientos adecuados de manejo de residuos, eficiencia energ\u00e9tica y otras pr\u00e1cticas sostenibles.<\/span><\/p>\t\t\t\t\t\t<\/div>\n\t\t\t\t<\/div>\n\t\t\t\t\t<\/div>\n\t\t\t\t<\/div>\n\t\t\t\t\t<\/div>\n\t\t\t\t<\/div>\n\t\t<div class=\"elementor-element elementor-element-483371a e-flex e-con-boxed e-con e-child\" data-id=\"483371a\" data-element_type=\"container\">\n\t\t\t\t\t<div class=\"e-con-inner\">\n\t\t<div class=\"elementor-element elementor-element-3379bc6 e-flex e-con-boxed e-con e-child\" data-id=\"3379bc6\" data-element_type=\"container\" data-settings=\"{&quot;background_background&quot;:&quot;classic&quot;}\">\n\t\t\t\t\t<div class=\"e-con-inner\">\n\t\t\t\t<div class=\"elementor-element elementor-element-373162f elementor-widget elementor-widget-heading\" data-id=\"373162f\" data-element_type=\"widget\" data-widget_type=\"heading.default\">\n\t\t\t\t<div class=\"elementor-widget-container\">\n\t\t\t<h2 class=\"elementor-heading-title elementor-size-default\">Compromiso con la Comunidad y el Futuro\n<\/h2>\t\t<\/div>\n\t\t\t\t<\/div>\n\t\t\t\t<div class=\"elementor-element elementor-element-f60a09e elementor-widget elementor-widget-text-editor\" data-id=\"f60a09e\" data-element_type=\"widget\" data-widget_type=\"text-editor.default\">\n\t\t\t\t<div class=\"elementor-widget-container\">\n\t\t\t\t\t\t\t<p><span style=\"font-weight: 400;\">En Frascomar, nuestro compromiso va m\u00e1s all\u00e1 de las operaciones internas. Extendemos nuestra mano a la comunidad a trav\u00e9s de iniciativas de responsabilidad social que apoyan la educaci\u00f3n, el bienestar y el desarrollo sostenible. A trav\u00e9s de asociaciones con organizaciones locales e internacionales, contribuimos al progreso social y ambiental, buscando crear un impacto positivo duradero para las generaciones futuras. Nuestra dedicaci\u00f3n a la sostenibilidad y responsabilidad social refleja nuestro deseo no solo de ser l\u00edderes en nuestra industria, sino tambi\u00e9n de contribuir a un mundo m\u00e1s sostenible y justo. Frascomar agradece a todos nuestros socios, clientes y colaboradores que se unen a nosotros en este viaje. Juntos, continuaremos innovando, mejorando y marcando la diferencia.<\/span><\/p>\t\t\t\t\t\t<\/div>\n\t\t\t\t<\/div>\n\t\t\t\t\t<\/div>\n\t\t\t\t<\/div>\n\t\t<div class=\"elementor-element elementor-element-01f3d5c e-flex e-con-boxed e-con e-child\" data-id=\"01f3d5c\" data-element_type=\"container\" data-settings=\"{&quot;background_background&quot;:&quot;classic&quot;}\">\n\t\t\t\t\t<div class=\"e-con-inner\">\n\t\t\t\t<div class=\"elementor-element elementor-element-b0d6c06 elementor-widget elementor-widget-heading\" data-id=\"b0d6c06\" data-element_type=\"widget\" data-widget_type=\"heading.default\">\n\t\t\t\t<div class=\"elementor-widget-container\">\n\t\t\t<h2 class=\"elementor-heading-title elementor-size-default\">Gesti\u00f3n Ambiental\n<\/h2>\t\t<\/div>\n\t\t\t\t<\/div>\n\t\t\t\t<div class=\"elementor-element elementor-element-aa16ec3 elementor-widget elementor-widget-text-editor\" data-id=\"aa16ec3\" data-element_type=\"widget\" data-widget_type=\"text-editor.default\">\n\t\t\t\t<div class=\"elementor-widget-container\">\n\t\t\t\t\t\t\t<p><span style=\"font-weight: 400;\">Nuestro camino hacia la sostenibilidad est\u00e1 guiado por la b\u00fasqueda continua de innovaci\u00f3n y mejora de nuestras pr\u00e1cticas ambientales. Nos comprometemos con la gesti\u00f3n responsable de los recursos naturales, minimizando nuestro impacto ambiental a trav\u00e9s de la eficiencia energ\u00e9tica, la reducci\u00f3n del consumo de agua y la gesti\u00f3n sostenible de residuos.<\/span><\/p><p><span style=\"font-weight: 400;\">Nuestro Plan de Gesti\u00f3n de Residuos S\u00f3lidos (PGRS) es un testimonio de este compromiso. Siguiendo rigurosamente la legislaci\u00f3n vigente, adoptamos pr\u00e1cticas que minimizan la generaci\u00f3n de residuos, promoviendo el reciclaje y la reutilizaci\u00f3n siempre que sea posible. Nuestro enfoque de segregaci\u00f3n de residuos no solo permite una disposici\u00f3n adecuada, sino que tambi\u00e9n favorece la econom\u00eda circular, transformando los residuos en recursos.<\/span><\/p>\t\t\t\t\t\t<\/div>\n\t\t\t\t<\/div>\n\t\t\t\t\t<\/div>\n\t\t\t\t<\/div>\n\t\t\t\t\t<\/div>\n\t\t\t\t<\/div>\n\t\t\t\t\t<\/div>\n\t\t\t\t<\/div>\n\t\t\t\t\t<\/div>\n\t\t\t\t<\/div>\n\t\t\t\t<\/div>","protected":false},"excerpt":{"rendered":"<p>Responsabilidade Social Na Frascomar, entendemos que a sustentabilidade e a responsabilidade social n\u00e3o s\u00e3o apenas partes integrantes de nossa estrat\u00e9gia empresarial; elas s\u00e3o o cerne de todas as nossas a\u00e7\u00f5es e decis\u00f5es. Estamos comprometidos em liderar pelo exemplo, demonstrando como pr\u00e1ticas comerciais respons\u00e1veis podem andar de m\u00e3os dadas com o sucesso econ\u00f4mico. Atrav\u00e9s desta p\u00e1gina, [&hellip;]<\/p>","protected":false},"author":1,"featured_media":0,"parent":0,"menu_order":0,"comment_status":"closed","ping_status":"closed","template":"elementor_header_footer","meta":{"_acf_changed":false,"footnotes":""},"acf":[],"yoast_head":"<!-- This site is optimized with the Yoast SEO plugin v22.6 - https:\/\/yoast.com\/wordpress\/plugins\/seo\/ -->\n<title>Responsabilidade Social e Sustentabilidade - Frascomar<\/title>\n<meta name=\"robots\" content=\"index, follow, max-snippet:-1, max-image-preview:large, max-video-preview:-1\" \/>\n<link rel=\"canonical\" href=\"https:\/\/www.frascomar.com.br\/es\/responsabilidade-social-e-sustentabilidade\/\" \/>\n<meta property=\"og:locale\" content=\"es_ES\" \/>\n<meta property=\"og:type\" content=\"article\" \/>\n<meta property=\"og:title\" content=\"Responsabilidade Social e Sustentabilidade - Frascomar\" \/>\n<meta property=\"og:description\" content=\"Responsabilidade Social Na Frascomar, entendemos que a sustentabilidade e a responsabilidade social n\u00e3o s\u00e3o apenas partes integrantes de nossa estrat\u00e9gia empresarial; elas s\u00e3o o cerne de todas as nossas a\u00e7\u00f5es e decis\u00f5es. Estamos comprometidos em liderar pelo exemplo, demonstrando como pr\u00e1ticas comerciais respons\u00e1veis podem andar de m\u00e3os dadas com o sucesso econ\u00f4mico. Atrav\u00e9s desta p\u00e1gina, [&hellip;]\" \/>\n<meta property=\"og:url\" content=\"https:\/\/www.frascomar.com.br\/es\/responsabilidade-social-e-sustentabilidade\/\" \/>\n<meta property=\"og:site_name\" content=\"Frascomar\" \/>\n<meta property=\"article:modified_time\" content=\"2024-03-05T15:21:48+00:00\" \/>\n<meta name=\"twitter:card\" content=\"summary_large_image\" \/>\n<meta name=\"twitter:label1\" content=\"Tiempo de lectura\" \/>\n\t<meta name=\"twitter:data1\" content=\"3 minutos\" \/>\n<script type=\"application\/ld+json\" class=\"yoast-schema-graph\">{\"@context\":\"https:\/\/schema.org\",\"@graph\":[{\"@type\":\"WebPage\",\"@id\":\"https:\/\/www.frascomar.com.br\/responsabilidade-social-e-sustentabilidade\/\",\"url\":\"https:\/\/www.frascomar.com.br\/responsabilidade-social-e-sustentabilidade\/\",\"name\":\"Responsabilidade Social e Sustentabilidade - Frascomar\",\"isPartOf\":{\"@id\":\"https:\/\/www.frascomar.com.br\/#website\"},\"datePublished\":\"2024-01-12T17:03:44+00:00\",\"dateModified\":\"2024-03-05T15:21:48+00:00\",\"breadcrumb\":{\"@id\":\"https:\/\/www.frascomar.com.br\/responsabilidade-social-e-sustentabilidade\/#breadcrumb\"},\"inLanguage\":\"es\",\"potentialAction\":[{\"@type\":\"ReadAction\",\"target\":[\"https:\/\/www.frascomar.com.br\/responsabilidade-social-e-sustentabilidade\/\"]}]},{\"@type\":\"BreadcrumbList\",\"@id\":\"https:\/\/www.frascomar.com.br\/responsabilidade-social-e-sustentabilidade\/#breadcrumb\",\"itemListElement\":[{\"@type\":\"ListItem\",\"position\":1,\"name\":\"In\u00edcio\",\"item\":\"https:\/\/www.frascomar.com.br\/\"},{\"@type\":\"ListItem\",\"position\":2,\"name\":\"Responsabilidade Social e Sustentabilidade\"}]},{\"@type\":\"WebSite\",\"@id\":\"https:\/\/www.frascomar.com.br\/#website\",\"url\":\"https:\/\/www.frascomar.com.br\/\",\"name\":\"Frascomar\",\"description\":\"Excel\u00eancia em embalagens pl\u00e1sticas\",\"potentialAction\":[{\"@type\":\"SearchAction\",\"target\":{\"@type\":\"EntryPoint\",\"urlTemplate\":\"https:\/\/www.frascomar.com.br\/?s={search_term_string}\"},\"query-input\":\"required name=search_term_string\"}],\"inLanguage\":\"es\"}]}<\/script>\n<!-- \/ Yoast SEO plugin. -->","yoast_head_json":{"title":"Responsabilidade Social e Sustentabilidade - Frascomar","robots":{"index":"index","follow":"follow","max-snippet":"max-snippet:-1","max-image-preview":"max-image-preview:large","max-video-preview":"max-video-preview:-1"},"canonical":"https:\/\/www.frascomar.com.br\/es\/responsabilidade-social-e-sustentabilidade\/","og_locale":"es_ES","og_type":"article","og_title":"Responsabilidade Social e Sustentabilidade - Frascomar","og_description":"Responsabilidade Social Na Frascomar, entendemos que a sustentabilidade e a responsabilidade social n\u00e3o s\u00e3o apenas partes integrantes de nossa estrat\u00e9gia empresarial; elas s\u00e3o o cerne de todas as nossas a\u00e7\u00f5es e decis\u00f5es. Estamos comprometidos em liderar pelo exemplo, demonstrando como pr\u00e1ticas comerciais respons\u00e1veis podem andar de m\u00e3os dadas com o sucesso econ\u00f4mico. Atrav\u00e9s desta p\u00e1gina, [&hellip;]","og_url":"https:\/\/www.frascomar.com.br\/es\/responsabilidade-social-e-sustentabilidade\/","og_site_name":"Frascomar","article_modified_time":"2024-03-05T15:21:48+00:00","twitter_card":"summary_large_image","twitter_misc":{"Tiempo de lectura":"3 minutos"},"schema":{"@context":"https:\/\/schema.org","@graph":[{"@type":"WebPage","@id":"https:\/\/www.frascomar.com.br\/responsabilidade-social-e-sustentabilidade\/","url":"https:\/\/www.frascomar.com.br\/responsabilidade-social-e-sustentabilidade\/","name":"Responsabilidade Social e Sustentabilidade - Frascomar","isPartOf":{"@id":"https:\/\/www.frascomar.com.br\/#website"},"datePublished":"2024-01-12T17:03:44+00:00","dateModified":"2024-03-05T15:21:48+00:00","breadcrumb":{"@id":"https:\/\/www.frascomar.com.br\/responsabilidade-social-e-sustentabilidade\/#breadcrumb"},"inLanguage":"es","potentialAction":[{"@type":"ReadAction","target":["https:\/\/www.frascomar.com.br\/responsabilidade-social-e-sustentabilidade\/"]}]},{"@type":"BreadcrumbList","@id":"https:\/\/www.frascomar.com.br\/responsabilidade-social-e-sustentabilidade\/#breadcrumb","itemListElement":[{"@type":"ListItem","position":1,"name":"In\u00edcio","item":"https:\/\/www.frascomar.com.br\/"},{"@type":"ListItem","position":2,"name":"Responsabilidade Social e Sustentabilidade"}]},{"@type":"WebSite","@id":"https:\/\/www.frascomar.com.br\/#website","url":"https:\/\/www.frascomar.com.br\/","name":"Frascomar","description":"Excel\u00eancia em embalagens pl\u00e1sticas","potentialAction":[{"@type":"SearchAction","target":{"@type":"EntryPoint","urlTemplate":"https:\/\/www.frascomar.com.br\/?s={search_term_string}"},"query-input":"required name=search_term_string"}],"inLanguage":"es"}]}},"_links":{"self":[{"href":"https:\/\/www.frascomar.com.br\/es\/wp-json\/wp\/v2\/pages\/957"}],"collection":[{"href":"https:\/\/www.frascomar.com.br\/es\/wp-json\/wp\/v2\/pages"}],"about":[{"href":"https:\/\/www.frascomar.com.br\/es\/wp-json\/wp\/v2\/types\/page"}],"author":[{"embeddable":true,"href":"https:\/\/www.frascomar.com.br\/es\/wp-json\/wp\/v2\/users\/1"}],"replies":[{"embeddable":true,"href":"https:\/\/www.frascomar.com.br\/es\/wp-json\/wp\/v2\/comments?post=957"}],"version-history":[{"count":31,"href":"https:\/\/www.frascomar.com.br\/es\/wp-json\/wp\/v2\/pages\/957\/revisions"}],"predecessor-version":[{"id":1143,"href":"https:\/\/www.frascomar.com.br\/es\/wp-json\/wp\/v2\/pages\/957\/revisions\/1143"}],"wp:attachment":[{"href":"https:\/\/www.frascomar.com.br\/es\/wp-json\/wp\/v2\/media?parent=957"}],"curies":[{"name":"wp","href":"https:\/\/api.w.org\/{rel}","templated":true}]}}