{"id":441,"date":"2023-12-28T21:37:46","date_gmt":"2023-12-29T00:37:46","guid":{"rendered":"https:\/\/frascomar.meltcomunicacao.com.br\/?page_id=441"},"modified":"2024-03-15T11:18:20","modified_gmt":"2024-03-15T14:18:20","slug":"atuacao","status":"publish","type":"page","link":"https:\/\/www.frascomar.com.br\/es\/atuacao\/","title":{"rendered":"Actuaci\u00f3n"},"content":{"rendered":"<div data-elementor-type=\"wp-page\" data-elementor-id=\"441\" class=\"elementor elementor-441\" data-elementor-post-type=\"page\">\n\t\t\t\t<div class=\"elementor-element elementor-element-3c24e47 e-flex e-con-boxed e-con e-parent\" data-id=\"3c24e47\" data-element_type=\"container\" data-settings=\"{&quot;background_background&quot;:&quot;classic&quot;}\">\n\t\t\t\t\t<div class=\"e-con-inner\">\n\t\t\t\t\t<\/div>\n\t\t\t\t<\/div>\n\t\t<div class=\"elementor-element elementor-element-a20af1b e-flex e-con-boxed e-con e-parent\" data-id=\"a20af1b\" data-element_type=\"container\">\n\t\t\t\t\t<div class=\"e-con-inner\">\n\t\t<div class=\"elementor-element elementor-element-03f9e84 e-flex e-con-boxed e-con e-child\" data-id=\"03f9e84\" data-element_type=\"container\">\n\t\t\t\t\t<div class=\"e-con-inner\">\n\t\t\t\t<div class=\"elementor-element elementor-element-83dc2e4 elementor-widget elementor-widget-image\" data-id=\"83dc2e4\" data-element_type=\"widget\" data-widget_type=\"image.default\">\n\t\t\t\t<div class=\"elementor-widget-container\">\n\t\t\t<style>\/*! elementor - v3.21.0 - 08-05-2024 *\/\n.elementor-widget-image{text-align:center}.elementor-widget-image a{display:inline-block}.elementor-widget-image a img[src$=\".svg\"]{width:48px}.elementor-widget-image img{vertical-align:middle;display:inline-block}<\/style>\t\t\t\t\t\t\t\t\t\t<img fetchpriority=\"high\" decoding=\"async\" width=\"800\" height=\"566\" src=\"https:\/\/www.frascomar.com.br\/wp-content\/uploads\/2024\/03\/hidralao-atuacao-1024x725.jpg\" class=\"attachment-large size-large wp-image-1224\" alt=\"\" srcset=\"https:\/\/www.frascomar.com.br\/wp-content\/uploads\/2024\/03\/hidralao-atuacao-1024x725.jpg 1024w, https:\/\/www.frascomar.com.br\/wp-content\/uploads\/2024\/03\/hidralao-atuacao-300x212.jpg 300w, https:\/\/www.frascomar.com.br\/wp-content\/uploads\/2024\/03\/hidralao-atuacao-768x544.jpg 768w, https:\/\/www.frascomar.com.br\/wp-content\/uploads\/2024\/03\/hidralao-atuacao-1536x1087.jpg 1536w, https:\/\/www.frascomar.com.br\/wp-content\/uploads\/2024\/03\/hidralao-atuacao-18x12.jpg 18w, https:\/\/www.frascomar.com.br\/wp-content\/uploads\/2024\/03\/hidralao-atuacao.jpg 1920w\" sizes=\"(max-width: 800px) 100vw, 800px\" \/>\t\t\t\t\t\t\t\t\t\t\t\t\t<\/div>\n\t\t\t\t<\/div>\n\t\t\t\t\t<\/div>\n\t\t\t\t<\/div>\n\t\t<div class=\"elementor-element elementor-element-8794260 e-flex e-con-boxed e-con e-child\" data-id=\"8794260\" data-element_type=\"container\">\n\t\t\t\t\t<div class=\"e-con-inner\">\n\t\t\t\t<div class=\"elementor-element elementor-element-22f29a4 elementor-widget elementor-widget-heading\" data-id=\"22f29a4\" data-element_type=\"widget\" data-widget_type=\"heading.default\">\n\t\t\t\t<div class=\"elementor-widget-container\">\n\t\t\t<style>\/*! elementor - v3.21.0 - 08-05-2024 *\/\n.elementor-heading-title{padding:0;margin:0;line-height:1}.elementor-widget-heading .elementor-heading-title[class*=elementor-size-]>a{color:inherit;font-size:inherit;line-height:inherit}.elementor-widget-heading .elementor-heading-title.elementor-size-small{font-size:15px}.elementor-widget-heading .elementor-heading-title.elementor-size-medium{font-size:19px}.elementor-widget-heading .elementor-heading-title.elementor-size-large{font-size:29px}.elementor-widget-heading .elementor-heading-title.elementor-size-xl{font-size:39px}.elementor-widget-heading .elementor-heading-title.elementor-size-xxl{font-size:59px}<\/style><h2 class=\"elementor-heading-title elementor-size-default\">Actuaci\u00f3n<\/h2>\t\t<\/div>\n\t\t\t\t<\/div>\n\t\t\t\t<div class=\"elementor-element elementor-element-5b4eb3f elementor-widget elementor-widget-text-editor\" data-id=\"5b4eb3f\" data-element_type=\"widget\" data-widget_type=\"text-editor.default\">\n\t\t\t\t<div class=\"elementor-widget-container\">\n\t\t\t<style>\/*! elementor - v3.21.0 - 08-05-2024 *\/\n.elementor-widget-text-editor.elementor-drop-cap-view-stacked .elementor-drop-cap{background-color:#69727d;color:#fff}.elementor-widget-text-editor.elementor-drop-cap-view-framed .elementor-drop-cap{color:#69727d;border:3px solid;background-color:transparent}.elementor-widget-text-editor:not(.elementor-drop-cap-view-default) .elementor-drop-cap{margin-top:8px}.elementor-widget-text-editor:not(.elementor-drop-cap-view-default) .elementor-drop-cap-letter{width:1em;height:1em}.elementor-widget-text-editor .elementor-drop-cap{float:left;text-align:center;line-height:1;font-size:50px}.elementor-widget-text-editor .elementor-drop-cap-letter{display:inline-block}<\/style>\t\t\t\tFRASCOMAR est\u00e1 especializada en la excelencia en la fabricaci\u00f3n de envases de pl\u00e1stico. Nuestra dedicaci\u00f3n se centra en desarrollar y producir envases que cumplan los requisitos de calidad m\u00e1s estrictos. Con una amplia gama de productos, nuestro compromiso es ofrecer soluciones personalizadas y de alta calidad a empresas de diversos sectores, como cosm\u00e9tica, farmacia, veterinaria, automoci\u00f3n, alimentaci\u00f3n, qu\u00edmica y muchos m\u00e1s.\t\t\t\t\t\t<\/div>\n\t\t\t\t<\/div>\n\t\t\t\t\t<\/div>\n\t\t\t\t<\/div>\n\t\t\t\t\t<\/div>\n\t\t\t\t<\/div>\n\t\t<div class=\"elementor-element elementor-element-19c1723 e-flex e-con-boxed e-con e-parent\" data-id=\"19c1723\" data-element_type=\"container\" data-settings=\"{&quot;background_background&quot;:&quot;classic&quot;}\">\n\t\t\t\t\t<div class=\"e-con-inner\">\n\t\t\t\t<div class=\"elementor-element elementor-element-71ac4fe elementor-widget elementor-widget-heading\" data-id=\"71ac4fe\" data-element_type=\"widget\" data-widget_type=\"heading.default\">\n\t\t\t\t<div class=\"elementor-widget-container\">\n\t\t\t<h2 class=\"elementor-heading-title elementor-size-default\">\u00c1reas de actuaci\u00f3n<\/h2>\t\t<\/div>\n\t\t\t\t<\/div>\n\t\t<div class=\"elementor-element elementor-element-74533e3 e-flex e-con-boxed e-con e-child\" data-id=\"74533e3\" data-element_type=\"container\">\n\t\t\t\t\t<div class=\"e-con-inner\">\n\t\t<div class=\"elementor-element elementor-element-5f7780b e-con-full e-flex e-con e-child\" data-id=\"5f7780b\" data-element_type=\"container\">\n\t\t\t\t<div class=\"elementor-element elementor-element-9caf9d6 elementor-widget elementor-widget-image\" data-id=\"9caf9d6\" data-element_type=\"widget\" data-widget_type=\"image.default\">\n\t\t\t\t<div class=\"elementor-widget-container\">\n\t\t\t\t\t\t\t\t\t\t\t\t\t<img decoding=\"async\" width=\"219\" height=\"219\" src=\"https:\/\/www.frascomar.com.br\/wp-content\/uploads\/2023\/12\/Ativo-57-2.png\" class=\"attachment-large size-large wp-image-166\" alt=\"\" srcset=\"https:\/\/www.frascomar.com.br\/wp-content\/uploads\/2023\/12\/Ativo-57-2.png 219w, https:\/\/www.frascomar.com.br\/wp-content\/uploads\/2023\/12\/Ativo-57-2-150x150.png 150w\" sizes=\"(max-width: 219px) 100vw, 219px\" \/>\t\t\t\t\t\t\t\t\t\t\t\t\t<\/div>\n\t\t\t\t<\/div>\n\t\t\t\t<div class=\"elementor-element elementor-element-cee94e1 elementor-widget elementor-widget-heading\" data-id=\"cee94e1\" data-element_type=\"widget\" data-widget_type=\"heading.default\">\n\t\t\t\t<div class=\"elementor-widget-container\">\n\t\t\t<h2 class=\"elementor-heading-title elementor-size-default\">COSM\u00c9TICA<\/h2>\t\t<\/div>\n\t\t\t\t<\/div>\n\t\t\t\t<\/div>\n\t\t<div class=\"elementor-element elementor-element-01158ea e-con-full e-flex e-con e-child\" data-id=\"01158ea\" data-element_type=\"container\">\n\t\t\t\t<div class=\"elementor-element elementor-element-ba84c0e elementor-widget elementor-widget-image\" data-id=\"ba84c0e\" data-element_type=\"widget\" data-widget_type=\"image.default\">\n\t\t\t\t<div class=\"elementor-widget-container\">\n\t\t\t\t\t\t\t\t\t\t\t\t\t<img decoding=\"async\" width=\"219\" height=\"219\" src=\"https:\/\/www.frascomar.com.br\/wp-content\/uploads\/2023\/12\/Ativo-58.png\" class=\"attachment-large size-large wp-image-167\" alt=\"\" srcset=\"https:\/\/www.frascomar.com.br\/wp-content\/uploads\/2023\/12\/Ativo-58.png 219w, https:\/\/www.frascomar.com.br\/wp-content\/uploads\/2023\/12\/Ativo-58-150x150.png 150w\" sizes=\"(max-width: 219px) 100vw, 219px\" \/>\t\t\t\t\t\t\t\t\t\t\t\t\t<\/div>\n\t\t\t\t<\/div>\n\t\t\t\t<div class=\"elementor-element elementor-element-9a42b24 elementor-widget elementor-widget-heading\" data-id=\"9a42b24\" data-element_type=\"widget\" data-widget_type=\"heading.default\">\n\t\t\t\t<div class=\"elementor-widget-container\">\n\t\t\t<h2 class=\"elementor-heading-title elementor-size-default\">FARMAC\u00c9UTICA<\/h2>\t\t<\/div>\n\t\t\t\t<\/div>\n\t\t\t\t<\/div>\n\t\t<div class=\"elementor-element elementor-element-ccb049d e-con-full e-flex e-con e-child\" data-id=\"ccb049d\" data-element_type=\"container\">\n\t\t\t\t<div class=\"elementor-element elementor-element-ecf7a77 elementor-widget elementor-widget-image\" data-id=\"ecf7a77\" data-element_type=\"widget\" data-widget_type=\"image.default\">\n\t\t\t\t<div class=\"elementor-widget-container\">\n\t\t\t\t\t\t\t\t\t\t\t\t\t<img loading=\"lazy\" decoding=\"async\" width=\"219\" height=\"219\" src=\"https:\/\/www.frascomar.com.br\/wp-content\/uploads\/2023\/12\/Ativo-59.png\" class=\"attachment-large size-large wp-image-168\" alt=\"\" srcset=\"https:\/\/www.frascomar.com.br\/wp-content\/uploads\/2023\/12\/Ativo-59.png 219w, https:\/\/www.frascomar.com.br\/wp-content\/uploads\/2023\/12\/Ativo-59-150x150.png 150w\" sizes=\"(max-width: 219px) 100vw, 219px\" \/>\t\t\t\t\t\t\t\t\t\t\t\t\t<\/div>\n\t\t\t\t<\/div>\n\t\t\t\t<div class=\"elementor-element elementor-element-c11bfbc elementor-widget elementor-widget-heading\" data-id=\"c11bfbc\" data-element_type=\"widget\" data-widget_type=\"heading.default\">\n\t\t\t\t<div class=\"elementor-widget-container\">\n\t\t\t<h2 class=\"elementor-heading-title elementor-size-default\">QU\u00cdMICA<\/h2>\t\t<\/div>\n\t\t\t\t<\/div>\n\t\t\t\t<\/div>\n\t\t<div class=\"elementor-element elementor-element-da47dbe e-con-full e-flex e-con e-child\" data-id=\"da47dbe\" data-element_type=\"container\">\n\t\t\t\t<div class=\"elementor-element elementor-element-a690ef7 elementor-widget elementor-widget-image\" data-id=\"a690ef7\" data-element_type=\"widget\" data-widget_type=\"image.default\">\n\t\t\t\t<div class=\"elementor-widget-container\">\n\t\t\t\t\t\t\t\t\t\t\t\t\t<img loading=\"lazy\" decoding=\"async\" width=\"219\" height=\"219\" src=\"https:\/\/www.frascomar.com.br\/wp-content\/uploads\/2023\/12\/Ativo-60.png\" class=\"attachment-large size-large wp-image-169\" alt=\"\" srcset=\"https:\/\/www.frascomar.com.br\/wp-content\/uploads\/2023\/12\/Ativo-60.png 219w, https:\/\/www.frascomar.com.br\/wp-content\/uploads\/2023\/12\/Ativo-60-150x150.png 150w\" sizes=\"(max-width: 219px) 100vw, 219px\" \/>\t\t\t\t\t\t\t\t\t\t\t\t\t<\/div>\n\t\t\t\t<\/div>\n\t\t\t\t<div class=\"elementor-element elementor-element-955c71d elementor-widget elementor-widget-heading\" data-id=\"955c71d\" data-element_type=\"widget\" data-widget_type=\"heading.default\">\n\t\t\t\t<div class=\"elementor-widget-container\">\n\t\t\t<h2 class=\"elementor-heading-title elementor-size-default\">ALIMENTICIA<\/h2>\t\t<\/div>\n\t\t\t\t<\/div>\n\t\t\t\t<\/div>\n\t\t\t\t\t<\/div>\n\t\t\t\t<\/div>\n\t\t<div class=\"elementor-element elementor-element-0dcf2a7 e-flex e-con-boxed e-con e-child\" data-id=\"0dcf2a7\" data-element_type=\"container\">\n\t\t\t\t\t<div class=\"e-con-inner\">\n\t\t\t\t<div class=\"elementor-element elementor-element-79a7ddc elementor-widget elementor-widget-image\" data-id=\"79a7ddc\" data-element_type=\"widget\" data-widget_type=\"image.default\">\n\t\t\t\t<div class=\"elementor-widget-container\">\n\t\t\t\t\t\t\t\t\t\t\t\t\t<img loading=\"lazy\" decoding=\"async\" width=\"100\" height=\"101\" src=\"https:\/\/www.frascomar.com.br\/wp-content\/uploads\/2023\/12\/Ativo-61.png\" class=\"attachment-large size-large wp-image-182\" alt=\"\" \/>\t\t\t\t\t\t\t\t\t\t\t\t\t<\/div>\n\t\t\t\t<\/div>\n\t\t\t\t<div class=\"elementor-element elementor-element-764eb40 elementor-align-center elementor-widget elementor-widget-button\" data-id=\"764eb40\" data-element_type=\"widget\" data-widget_type=\"button.default\">\n\t\t\t\t<div class=\"elementor-widget-container\">\n\t\t\t\t\t<div class=\"elementor-button-wrapper\">\n\t\t\t<a class=\"elementor-button elementor-button-link elementor-size-sm\" href=\"https:\/\/www.frascomar.com.br\/es\/produtos\/\">\n\t\t\t\t\t\t<span class=\"elementor-button-content-wrapper\">\n\t\t\t\t\t\t\t\t\t<span class=\"elementor-button-text\">ACCEDER AL CAT\u00c1LOGO DE PRODUCTOS<\/span>\n\t\t\t\t\t<\/span>\n\t\t\t\t\t<\/a>\n\t\t<\/div>\n\t\t\t\t<\/div>\n\t\t\t\t<\/div>\n\t\t\t\t\t<\/div>\n\t\t\t\t<\/div>\n\t\t\t\t\t<\/div>\n\t\t\t\t<\/div>\n\t\t\t\t<\/div>","protected":false},"excerpt":{"rendered":"<p>Atua\u00e7\u00e3o A FRASCOMAR \u00e9 uma empresa especializada em excel\u00eancia na fabrica\u00e7\u00e3o de embalagens pl\u00e1sticas. Nossa dedica\u00e7\u00e3o est\u00e1 voltada para o desenvolvimento e produ\u00e7\u00e3o de embalagens que atendam \u00e0s mais rigorosas exig\u00eancias de qualidade. Com uma ampla gama de produtos, nosso compromisso \u00e9 oferecer solu\u00e7\u00f5es personalizadas e de alta qualidade para empresas em diversos setores, incluindo [&hellip;]<\/p>","protected":false},"author":1,"featured_media":0,"parent":0,"menu_order":0,"comment_status":"closed","ping_status":"closed","template":"elementor_header_footer","meta":{"_acf_changed":false,"footnotes":""},"acf":[],"yoast_head":"<!-- This site is optimized with the Yoast SEO plugin v22.6 - https:\/\/yoast.com\/wordpress\/plugins\/seo\/ -->\n<title>Atua\u00e7\u00e3o - Frascomar<\/title>\n<meta name=\"robots\" content=\"index, follow, max-snippet:-1, max-image-preview:large, max-video-preview:-1\" \/>\n<link rel=\"canonical\" href=\"https:\/\/www.frascomar.com.br\/es\/atuacao\/\" \/>\n<meta property=\"og:locale\" content=\"es_ES\" \/>\n<meta property=\"og:type\" content=\"article\" \/>\n<meta property=\"og:title\" content=\"Atua\u00e7\u00e3o - Frascomar\" \/>\n<meta property=\"og:description\" content=\"Atua\u00e7\u00e3o A FRASCOMAR \u00e9 uma empresa especializada em excel\u00eancia na fabrica\u00e7\u00e3o de embalagens pl\u00e1sticas. Nossa dedica\u00e7\u00e3o est\u00e1 voltada para o desenvolvimento e produ\u00e7\u00e3o de embalagens que atendam \u00e0s mais rigorosas exig\u00eancias de qualidade. Com uma ampla gama de produtos, nosso compromisso \u00e9 oferecer solu\u00e7\u00f5es personalizadas e de alta qualidade para empresas em diversos setores, incluindo [&hellip;]\" \/>\n<meta property=\"og:url\" content=\"https:\/\/www.frascomar.com.br\/es\/atuacao\/\" \/>\n<meta property=\"og:site_name\" content=\"Frascomar\" \/>\n<meta property=\"article:modified_time\" content=\"2024-03-15T14:18:20+00:00\" \/>\n<meta property=\"og:image\" content=\"https:\/\/www.frascomar.com.br\/wp-content\/uploads\/2024\/03\/hidralao-atuacao-1024x725.jpg\" \/>\n<meta name=\"twitter:card\" content=\"summary_large_image\" \/>\n<meta name=\"twitter:label1\" content=\"Tiempo de lectura\" \/>\n\t<meta name=\"twitter:data1\" content=\"2 minutos\" \/>\n<script type=\"application\/ld+json\" class=\"yoast-schema-graph\">{\"@context\":\"https:\/\/schema.org\",\"@graph\":[{\"@type\":\"WebPage\",\"@id\":\"https:\/\/www.frascomar.com.br\/atuacao\/\",\"url\":\"https:\/\/www.frascomar.com.br\/atuacao\/\",\"name\":\"Atua\u00e7\u00e3o - Frascomar\",\"isPartOf\":{\"@id\":\"https:\/\/www.frascomar.com.br\/#website\"},\"primaryImageOfPage\":{\"@id\":\"https:\/\/www.frascomar.com.br\/atuacao\/#primaryimage\"},\"image\":{\"@id\":\"https:\/\/www.frascomar.com.br\/atuacao\/#primaryimage\"},\"thumbnailUrl\":\"https:\/\/www.frascomar.com.br\/wp-content\/uploads\/2024\/03\/hidralao-atuacao-1024x725.jpg\",\"datePublished\":\"2023-12-29T00:37:46+00:00\",\"dateModified\":\"2024-03-15T14:18:20+00:00\",\"breadcrumb\":{\"@id\":\"https:\/\/www.frascomar.com.br\/atuacao\/#breadcrumb\"},\"inLanguage\":\"es\",\"potentialAction\":[{\"@type\":\"ReadAction\",\"target\":[\"https:\/\/www.frascomar.com.br\/atuacao\/\"]}]},{\"@type\":\"ImageObject\",\"inLanguage\":\"es\",\"@id\":\"https:\/\/www.frascomar.com.br\/atuacao\/#primaryimage\",\"url\":\"https:\/\/www.frascomar.com.br\/wp-content\/uploads\/2024\/03\/hidralao-atuacao-1024x725.jpg\",\"contentUrl\":\"https:\/\/www.frascomar.com.br\/wp-content\/uploads\/2024\/03\/hidralao-atuacao-1024x725.jpg\"},{\"@type\":\"BreadcrumbList\",\"@id\":\"https:\/\/www.frascomar.com.br\/atuacao\/#breadcrumb\",\"itemListElement\":[{\"@type\":\"ListItem\",\"position\":1,\"name\":\"In\u00edcio\",\"item\":\"https:\/\/www.frascomar.com.br\/\"},{\"@type\":\"ListItem\",\"position\":2,\"name\":\"Atua\u00e7\u00e3o\"}]},{\"@type\":\"WebSite\",\"@id\":\"https:\/\/www.frascomar.com.br\/#website\",\"url\":\"https:\/\/www.frascomar.com.br\/\",\"name\":\"Frascomar\",\"description\":\"Excel\u00eancia em embalagens pl\u00e1sticas\",\"potentialAction\":[{\"@type\":\"SearchAction\",\"target\":{\"@type\":\"EntryPoint\",\"urlTemplate\":\"https:\/\/www.frascomar.com.br\/?s={search_term_string}\"},\"query-input\":\"required name=search_term_string\"}],\"inLanguage\":\"es\"}]}<\/script>\n<!-- \/ Yoast SEO plugin. -->","yoast_head_json":{"title":"Atua\u00e7\u00e3o - Frascomar","robots":{"index":"index","follow":"follow","max-snippet":"max-snippet:-1","max-image-preview":"max-image-preview:large","max-video-preview":"max-video-preview:-1"},"canonical":"https:\/\/www.frascomar.com.br\/es\/atuacao\/","og_locale":"es_ES","og_type":"article","og_title":"Atua\u00e7\u00e3o - Frascomar","og_description":"Atua\u00e7\u00e3o A FRASCOMAR \u00e9 uma empresa especializada em excel\u00eancia na fabrica\u00e7\u00e3o de embalagens pl\u00e1sticas. Nossa dedica\u00e7\u00e3o est\u00e1 voltada para o desenvolvimento e produ\u00e7\u00e3o de embalagens que atendam \u00e0s mais rigorosas exig\u00eancias de qualidade. Com uma ampla gama de produtos, nosso compromisso \u00e9 oferecer solu\u00e7\u00f5es personalizadas e de alta qualidade para empresas em diversos setores, incluindo [&hellip;]","og_url":"https:\/\/www.frascomar.com.br\/es\/atuacao\/","og_site_name":"Frascomar","article_modified_time":"2024-03-15T14:18:20+00:00","og_image":[{"url":"https:\/\/www.frascomar.com.br\/wp-content\/uploads\/2024\/03\/hidralao-atuacao-1024x725.jpg"}],"twitter_card":"summary_large_image","twitter_misc":{"Tiempo de lectura":"2 minutos"},"schema":{"@context":"https:\/\/schema.org","@graph":[{"@type":"WebPage","@id":"https:\/\/www.frascomar.com.br\/atuacao\/","url":"https:\/\/www.frascomar.com.br\/atuacao\/","name":"Atua\u00e7\u00e3o - Frascomar","isPartOf":{"@id":"https:\/\/www.frascomar.com.br\/#website"},"primaryImageOfPage":{"@id":"https:\/\/www.frascomar.com.br\/atuacao\/#primaryimage"},"image":{"@id":"https:\/\/www.frascomar.com.br\/atuacao\/#primaryimage"},"thumbnailUrl":"https:\/\/www.frascomar.com.br\/wp-content\/uploads\/2024\/03\/hidralao-atuacao-1024x725.jpg","datePublished":"2023-12-29T00:37:46+00:00","dateModified":"2024-03-15T14:18:20+00:00","breadcrumb":{"@id":"https:\/\/www.frascomar.com.br\/atuacao\/#breadcrumb"},"inLanguage":"es","potentialAction":[{"@type":"ReadAction","target":["https:\/\/www.frascomar.com.br\/atuacao\/"]}]},{"@type":"ImageObject","inLanguage":"es","@id":"https:\/\/www.frascomar.com.br\/atuacao\/#primaryimage","url":"https:\/\/www.frascomar.com.br\/wp-content\/uploads\/2024\/03\/hidralao-atuacao-1024x725.jpg","contentUrl":"https:\/\/www.frascomar.com.br\/wp-content\/uploads\/2024\/03\/hidralao-atuacao-1024x725.jpg"},{"@type":"BreadcrumbList","@id":"https:\/\/www.frascomar.com.br\/atuacao\/#breadcrumb","itemListElement":[{"@type":"ListItem","position":1,"name":"In\u00edcio","item":"https:\/\/www.frascomar.com.br\/"},{"@type":"ListItem","position":2,"name":"Atua\u00e7\u00e3o"}]},{"@type":"WebSite","@id":"https:\/\/www.frascomar.com.br\/#website","url":"https:\/\/www.frascomar.com.br\/","name":"Frascomar","description":"Excel\u00eancia em embalagens pl\u00e1sticas","potentialAction":[{"@type":"SearchAction","target":{"@type":"EntryPoint","urlTemplate":"https:\/\/www.frascomar.com.br\/?s={search_term_string}"},"query-input":"required name=search_term_string"}],"inLanguage":"es"}]}},"_links":{"self":[{"href":"https:\/\/www.frascomar.com.br\/es\/wp-json\/wp\/v2\/pages\/441"}],"collection":[{"href":"https:\/\/www.frascomar.com.br\/es\/wp-json\/wp\/v2\/pages"}],"about":[{"href":"https:\/\/www.frascomar.com.br\/es\/wp-json\/wp\/v2\/types\/page"}],"author":[{"embeddable":true,"href":"https:\/\/www.frascomar.com.br\/es\/wp-json\/wp\/v2\/users\/1"}],"replies":[{"embeddable":true,"href":"https:\/\/www.frascomar.com.br\/es\/wp-json\/wp\/v2\/comments?post=441"}],"version-history":[{"count":40,"href":"https:\/\/www.frascomar.com.br\/es\/wp-json\/wp\/v2\/pages\/441\/revisions"}],"predecessor-version":[{"id":1246,"href":"https:\/\/www.frascomar.com.br\/es\/wp-json\/wp\/v2\/pages\/441\/revisions\/1246"}],"wp:attachment":[{"href":"https:\/\/www.frascomar.com.br\/es\/wp-json\/wp\/v2\/media?parent=441"}],"curies":[{"name":"wp","href":"https:\/\/api.w.org\/{rel}","templated":true}]}}