{"id":440,"date":"2023-12-28T21:37:53","date_gmt":"2023-12-29T00:37:53","guid":{"rendered":"https:\/\/frascomar.meltcomunicacao.com.br\/?page_id=440"},"modified":"2024-03-15T14:15:15","modified_gmt":"2024-03-15T17:15:15","slug":"empresa","status":"publish","type":"page","link":"https:\/\/www.frascomar.com.br\/es\/empresa\/","title":{"rendered":"Empresa"},"content":{"rendered":"<div data-elementor-type=\"wp-page\" data-elementor-id=\"440\" class=\"elementor elementor-440\" data-elementor-post-type=\"page\">\n\t\t\t\t<div class=\"elementor-element elementor-element-d294929 e-flex e-con-boxed e-con e-parent\" data-id=\"d294929\" data-element_type=\"container\" data-settings=\"{&quot;background_background&quot;:&quot;classic&quot;}\">\n\t\t\t\t\t<div class=\"e-con-inner\">\n\t\t\t\t\t<\/div>\n\t\t\t\t<\/div>\n\t\t<div class=\"elementor-element elementor-element-d035c0c e-flex e-con-boxed e-con e-parent\" data-id=\"d035c0c\" data-element_type=\"container\">\n\t\t\t\t\t<div class=\"e-con-inner\">\n\t\t<div class=\"elementor-element elementor-element-e2fadb1 e-flex e-con-boxed e-con e-child\" data-id=\"e2fadb1\" data-element_type=\"container\" data-settings=\"{&quot;background_background&quot;:&quot;classic&quot;}\">\n\t\t\t\t\t<div class=\"e-con-inner\">\n\t\t\t\t\t<\/div>\n\t\t\t\t<\/div>\n\t\t<div class=\"elementor-element elementor-element-dd3d8eb e-flex e-con-boxed e-con e-child\" data-id=\"dd3d8eb\" data-element_type=\"container\">\n\t\t\t\t\t<div class=\"e-con-inner\">\n\t\t\t\t<div class=\"elementor-element elementor-element-cb2c98e elementor-widget elementor-widget-heading\" data-id=\"cb2c98e\" data-element_type=\"widget\" data-widget_type=\"heading.default\">\n\t\t\t\t<div class=\"elementor-widget-container\">\n\t\t\t<style>\/*! elementor - v3.21.0 - 08-05-2024 *\/\n.elementor-heading-title{padding:0;margin:0;line-height:1}.elementor-widget-heading .elementor-heading-title[class*=elementor-size-]>a{color:inherit;font-size:inherit;line-height:inherit}.elementor-widget-heading .elementor-heading-title.elementor-size-small{font-size:15px}.elementor-widget-heading .elementor-heading-title.elementor-size-medium{font-size:19px}.elementor-widget-heading .elementor-heading-title.elementor-size-large{font-size:29px}.elementor-widget-heading .elementor-heading-title.elementor-size-xl{font-size:39px}.elementor-widget-heading .elementor-heading-title.elementor-size-xxl{font-size:59px}<\/style><h2 class=\"elementor-heading-title elementor-size-default\">Qui\u00e9nes somos<\/h2>\t\t<\/div>\n\t\t\t\t<\/div>\n\t\t\t\t<div class=\"elementor-element elementor-element-09f8483 elementor-widget elementor-widget-text-editor\" data-id=\"09f8483\" data-element_type=\"widget\" data-widget_type=\"text-editor.default\">\n\t\t\t\t<div class=\"elementor-widget-container\">\n\t\t\t<style>\/*! elementor - v3.21.0 - 08-05-2024 *\/\n.elementor-widget-text-editor.elementor-drop-cap-view-stacked .elementor-drop-cap{background-color:#69727d;color:#fff}.elementor-widget-text-editor.elementor-drop-cap-view-framed .elementor-drop-cap{color:#69727d;border:3px solid;background-color:transparent}.elementor-widget-text-editor:not(.elementor-drop-cap-view-default) .elementor-drop-cap{margin-top:8px}.elementor-widget-text-editor:not(.elementor-drop-cap-view-default) .elementor-drop-cap-letter{width:1em;height:1em}.elementor-widget-text-editor .elementor-drop-cap{float:left;text-align:center;line-height:1;font-size:50px}.elementor-widget-text-editor .elementor-drop-cap-letter{display:inline-block}<\/style>\t\t\t\t<p>FRASCOMAR, empresa especializada en el desarrollo y fabricaci\u00f3n de envases de pl\u00e1stico, ofrece una amplia gama de productos de calidad garantizada para empresas de los sectores cosm\u00e9tico, farmac\u00e9utico, veterinario, automovil\u00edstico, alimentario y qu\u00edmico, entre otros.<\/p><p data-pm-slice=\"1 1 []\">Utilizando los procesos m\u00e1s modernos de moldeo por soplado, moldeo por inyecci\u00f3n, decoraci\u00f3n y fabricaci\u00f3n de herramientas, cuenta con un equipo de profesionales altamente cualificados para orientar a sus clientes en la elecci\u00f3n del envase adecuado para su producto. FRASCOMAR dispone de varios modelos en su gama est\u00e1ndar y desarrolla proyectos exclusivos seg\u00fan las necesidades del cliente.<\/p><p>Utiliza materiales polim\u00e9ricos de alto rendimiento basados en polietileno, polipropileno, PVC, PET y el proceso de coextrusi\u00f3n, que permite diversas variaciones en el producto final, como Soft Touch.<\/p><p>Adem\u00e1s de un riguroso control de calidad, FRASCOMAR selecciona cuidadosamente a sus proveedores de materias primas e insumos para garantizar un buen rendimiento de la producci\u00f3n y el cumplimiento de los plazos, junto con una excelente calidad y precios justos.<\/p><p>De naturaleza familiar, en la b\u00fasqueda de la competitividad en un mercado altamente exigente, practica con firmeza una sana asociaci\u00f3n con sus empleados, a trav\u00e9s de beneficios sociales y programas de formaci\u00f3n, actuando estrictamente de acuerdo con los procedimientos establecidos por el Sistema de Calidad, basados en la Norma ISO 9001.<\/p><p>Las acciones en los \u00e1mbitos de la seguridad laboral y la protecci\u00f3n del medio ambiente forman parte de la rutina diaria de la empresa.<\/p>\t\t\t\t\t\t<\/div>\n\t\t\t\t<\/div>\n\t\t\t\t\t<\/div>\n\t\t\t\t<\/div>\n\t\t\t\t\t<\/div>\n\t\t\t\t<\/div>\n\t\t<div class=\"elementor-element elementor-element-232c938 e-flex e-con-boxed e-con e-parent\" data-id=\"232c938\" data-element_type=\"container\">\n\t\t\t\t\t<div class=\"e-con-inner\">\n\t\t\t\t<div class=\"elementor-element elementor-element-fc64a00 elementor-widget elementor-widget-heading\" data-id=\"fc64a00\" data-element_type=\"widget\" data-widget_type=\"heading.default\">\n\t\t\t\t<div class=\"elementor-widget-container\">\n\t\t\t<h2 class=\"elementor-heading-title elementor-size-default\">\n Certificaciones\n<\/h2>\t\t<\/div>\n\t\t\t\t<\/div>\n\t\t<div class=\"elementor-element elementor-element-68648c3 e-flex e-con-boxed e-con e-child\" data-id=\"68648c3\" data-element_type=\"container\">\n\t\t\t\t\t<div class=\"e-con-inner\">\n\t\t\t\t<div class=\"elementor-element elementor-element-be0d9f0 elementor-widget__width-initial elementor-widget-mobile__width-initial elementor-widget elementor-widget-image\" data-id=\"be0d9f0\" data-element_type=\"widget\" data-widget_type=\"image.default\">\n\t\t\t\t<div class=\"elementor-widget-container\">\n\t\t\t<style>\/*! elementor - v3.21.0 - 08-05-2024 *\/\n.elementor-widget-image{text-align:center}.elementor-widget-image a{display:inline-block}.elementor-widget-image a img[src$=\".svg\"]{width:48px}.elementor-widget-image img{vertical-align:middle;display:inline-block}<\/style>\t\t\t\t\t\t\t\t\t\t\t<a href=\"https:\/\/www.frascomar.com.br\/wp-content\/uploads\/2023\/12\/FrascomarCert14-07-2024.pdf\">\n\t\t\t\t\t\t\t<img decoding=\"async\" width=\"180\" height=\"184\" src=\"https:\/\/www.frascomar.com.br\/wp-content\/uploads\/2023\/12\/certificacao-apcer-9001-logo.png\" class=\"attachment-large size-large wp-image-700\" alt=\"\" \/>\t\t\t\t\t\t\t\t<\/a>\n\t\t\t\t\t\t\t\t\t\t\t\t\t<\/div>\n\t\t\t\t<\/div>\n\t\t\t\t<div class=\"elementor-element elementor-element-9bc255b elementor-widget__width-initial elementor-widget-mobile__width-initial elementor-widget elementor-widget-image\" data-id=\"9bc255b\" data-element_type=\"widget\" data-widget_type=\"image.default\">\n\t\t\t\t<div class=\"elementor-widget-container\">\n\t\t\t\t\t\t\t\t\t\t\t\t\t\t<a href=\"https:\/\/www.frascomar.com.br\/wp-content\/uploads\/2024\/02\/CAPR_ZAA6000377.-1.pdf\">\n\t\t\t\t\t\t\t<img fetchpriority=\"high\" decoding=\"async\" width=\"800\" height=\"566\" src=\"https:\/\/www.frascomar.com.br\/wp-content\/uploads\/2024\/01\/Sedex-1024x724.png\" class=\"attachment-large size-large wp-image-1105\" alt=\"\" srcset=\"https:\/\/www.frascomar.com.br\/wp-content\/uploads\/2024\/01\/Sedex-1024x724.png 1024w, https:\/\/www.frascomar.com.br\/wp-content\/uploads\/2024\/01\/Sedex-300x212.png 300w, https:\/\/www.frascomar.com.br\/wp-content\/uploads\/2024\/01\/Sedex-768x543.png 768w, https:\/\/www.frascomar.com.br\/wp-content\/uploads\/2024\/01\/Sedex-1536x1085.png 1536w, https:\/\/www.frascomar.com.br\/wp-content\/uploads\/2024\/01\/Sedex-2048x1447.png 2048w, https:\/\/www.frascomar.com.br\/wp-content\/uploads\/2024\/01\/Sedex-18x12.png 18w\" sizes=\"(max-width: 800px) 100vw, 800px\" \/>\t\t\t\t\t\t\t\t<\/a>\n\t\t\t\t\t\t\t\t\t\t\t\t\t<\/div>\n\t\t\t\t<\/div>\n\t\t\t\t<div class=\"elementor-element elementor-element-79266dc elementor-widget__width-initial elementor-widget-mobile__width-initial elementor-widget elementor-widget-image\" data-id=\"79266dc\" data-element_type=\"widget\" data-widget_type=\"image.default\">\n\t\t\t\t<div class=\"elementor-widget-container\">\n\t\t\t\t\t\t\t\t\t\t\t\t\t\t<a href=\"https:\/\/www.frascomar.com.br\/wp-content\/uploads\/2024\/03\/CAPAR_DISNEY-1.pdf\">\n\t\t\t\t\t\t\t<img decoding=\"async\" width=\"700\" height=\"294\" src=\"https:\/\/www.frascomar.com.br\/wp-content\/uploads\/2024\/01\/Disney_Wordmark.svg\" class=\"attachment-large size-large wp-image-1106\" alt=\"\" \/>\t\t\t\t\t\t\t\t<\/a>\n\t\t\t\t\t\t\t\t\t\t\t\t\t<\/div>\n\t\t\t\t<\/div>\n\t\t\t\t\t<\/div>\n\t\t\t\t<\/div>\n\t\t\t\t\t<\/div>\n\t\t\t\t<\/div>\n\t\t<div class=\"elementor-element elementor-element-623afe0 e-flex e-con-boxed e-con e-parent\" data-id=\"623afe0\" data-element_type=\"container\">\n\t\t\t\t\t<div class=\"e-con-inner\">\n\t\t<div class=\"elementor-element elementor-element-203307d e-con-full e-flex e-con e-child\" data-id=\"203307d\" data-element_type=\"container\">\n\t\t\t\t<div class=\"elementor-element elementor-element-82af9e0 elementor-widget elementor-widget-heading\" data-id=\"82af9e0\" data-element_type=\"widget\" data-widget_type=\"heading.default\">\n\t\t\t\t<div class=\"elementor-widget-container\">\n\t\t\t<h2 class=\"elementor-heading-title elementor-size-default\">Premios<\/h2>\t\t<\/div>\n\t\t\t\t<\/div>\n\t\t\t\t<div class=\"elementor-element elementor-element-9e93913 elementor-widget elementor-widget-text-editor\" data-id=\"9e93913\" data-element_type=\"widget\" data-widget_type=\"text-editor.default\">\n\t\t\t\t<div class=\"elementor-widget-container\">\n\t\t\t\t\t\t\t<p>Estos premios son el resultado de una verdadera colaboraci\u00f3n entre la empresa y sus empleados, proveedores y colaboradores, con el \u00fanico objetivo de lograr siempre la satisfacci\u00f3n total del cliente. Queremos dar las gracias a todos nuestros socios y, sobre todo, a nuestros clientes.<\/p>\t\t\t\t\t\t<\/div>\n\t\t\t\t<\/div>\n\t\t\t\t<\/div>\n\t\t<div class=\"elementor-element elementor-element-ca2c914 e-flex e-con-boxed e-con e-child\" data-id=\"ca2c914\" data-element_type=\"container\">\n\t\t\t\t\t<div class=\"e-con-inner\">\n\t\t<div class=\"elementor-element elementor-element-2bb6110 e-flex e-con-boxed e-con e-child\" data-id=\"2bb6110\" data-element_type=\"container\" data-settings=\"{&quot;background_background&quot;:&quot;classic&quot;}\">\n\t\t\t\t\t<div class=\"e-con-inner\">\n\t\t\t\t<div class=\"elementor-element elementor-element-b5c810c elementor-widget elementor-widget-image\" data-id=\"b5c810c\" data-element_type=\"widget\" data-widget_type=\"image.default\">\n\t\t\t\t<div class=\"elementor-widget-container\">\n\t\t\t\t\t\t\t\t\t\t\t\t\t<img loading=\"lazy\" decoding=\"async\" width=\"97\" height=\"94\" src=\"https:\/\/www.frascomar.com.br\/wp-content\/uploads\/2023\/12\/premio1.png\" class=\"attachment-large size-large wp-image-698\" alt=\"\" \/>\t\t\t\t\t\t\t\t\t\t\t\t\t<\/div>\n\t\t\t\t<\/div>\n\t\t\t\t<div class=\"elementor-element elementor-element-73c0270 elementor-widget elementor-widget-heading\" data-id=\"73c0270\" data-element_type=\"widget\" data-widget_type=\"heading.default\">\n\t\t\t\t<div class=\"elementor-widget-container\">\n\t\t\t<h2 class=\"elementor-heading-title elementor-size-default\">Grandes casos de envases 2014 - Bio Extratus\n<\/h2>\t\t<\/div>\n\t\t\t\t<\/div>\n\t\t\t\t\t<\/div>\n\t\t\t\t<\/div>\n\t\t<div class=\"elementor-element elementor-element-3fe8499 e-flex e-con-boxed e-con e-child\" data-id=\"3fe8499\" data-element_type=\"container\" data-settings=\"{&quot;background_background&quot;:&quot;classic&quot;}\">\n\t\t\t\t\t<div class=\"e-con-inner\">\n\t\t\t\t<div class=\"elementor-element elementor-element-7248f4c elementor-widget elementor-widget-image\" data-id=\"7248f4c\" data-element_type=\"widget\" data-widget_type=\"image.default\">\n\t\t\t\t<div class=\"elementor-widget-container\">\n\t\t\t\t\t\t\t\t\t\t\t\t\t<img loading=\"lazy\" decoding=\"async\" width=\"97\" height=\"94\" src=\"https:\/\/www.frascomar.com.br\/wp-content\/uploads\/2023\/12\/premio2.png\" class=\"attachment-large size-large wp-image-697\" alt=\"\" \/>\t\t\t\t\t\t\t\t\t\t\t\t\t<\/div>\n\t\t\t\t<\/div>\n\t\t\t\t<div class=\"elementor-element elementor-element-f2e3e57 elementor-widget elementor-widget-heading\" data-id=\"f2e3e57\" data-element_type=\"widget\" data-widget_type=\"heading.default\">\n\t\t\t\t<div class=\"elementor-widget-container\">\n\t\t\t<h2 class=\"elementor-heading-title elementor-size-default\">Grandes casos de envases 2014 - Polvo para hornear\n<\/h2>\t\t<\/div>\n\t\t\t\t<\/div>\n\t\t\t\t\t<\/div>\n\t\t\t\t<\/div>\n\t\t<div class=\"elementor-element elementor-element-4caf76a e-flex e-con-boxed e-con e-child\" data-id=\"4caf76a\" data-element_type=\"container\" data-settings=\"{&quot;background_background&quot;:&quot;classic&quot;}\">\n\t\t\t\t\t<div class=\"e-con-inner\">\n\t\t\t\t<div class=\"elementor-element elementor-element-3a4af98 elementor-widget elementor-widget-image\" data-id=\"3a4af98\" data-element_type=\"widget\" data-widget_type=\"image.default\">\n\t\t\t\t<div class=\"elementor-widget-container\">\n\t\t\t\t\t\t\t\t\t\t\t\t\t<img loading=\"lazy\" decoding=\"async\" width=\"97\" height=\"94\" src=\"https:\/\/www.frascomar.com.br\/wp-content\/uploads\/2023\/12\/premio3.png\" class=\"attachment-large size-large wp-image-696\" alt=\"\" \/>\t\t\t\t\t\t\t\t\t\t\t\t\t<\/div>\n\t\t\t\t<\/div>\n\t\t\t\t<div class=\"elementor-element elementor-element-db50815 elementor-widget elementor-widget-heading\" data-id=\"db50815\" data-element_type=\"widget\" data-widget_type=\"heading.default\">\n\t\t\t\t<div class=\"elementor-widget-container\">\n\t\t\t<h2 class=\"elementor-heading-title elementor-size-default\">Cubren la tierra 2013\n<\/h2>\t\t<\/div>\n\t\t\t\t<\/div>\n\t\t\t\t\t<\/div>\n\t\t\t\t<\/div>\n\t\t\t\t\t<\/div>\n\t\t\t\t<\/div>\n\t\t<div class=\"elementor-element elementor-element-e86a433 e-flex e-con-boxed e-con e-child\" data-id=\"e86a433\" data-element_type=\"container\">\n\t\t\t\t\t<div class=\"e-con-inner\">\n\t\t<div class=\"elementor-element elementor-element-451c90b e-flex e-con-boxed e-con e-child\" data-id=\"451c90b\" data-element_type=\"container\" data-settings=\"{&quot;background_background&quot;:&quot;classic&quot;}\">\n\t\t\t\t\t<div class=\"e-con-inner\">\n\t\t\t\t<div class=\"elementor-element elementor-element-6dbf2b0 elementor-widget elementor-widget-image\" data-id=\"6dbf2b0\" data-element_type=\"widget\" data-widget_type=\"image.default\">\n\t\t\t\t<div class=\"elementor-widget-container\">\n\t\t\t\t\t\t\t\t\t\t\t\t\t<img loading=\"lazy\" decoding=\"async\" width=\"105\" height=\"94\" src=\"https:\/\/www.frascomar.com.br\/wp-content\/uploads\/2023\/12\/premio4.png\" class=\"attachment-large size-large wp-image-695\" alt=\"\" \/>\t\t\t\t\t\t\t\t\t\t\t\t\t<\/div>\n\t\t\t\t<\/div>\n\t\t\t\t<div class=\"elementor-element elementor-element-0d62553 elementor-widget elementor-widget-heading\" data-id=\"0d62553\" data-element_type=\"widget\" data-widget_type=\"heading.default\">\n\t\t\t\t<div class=\"elementor-widget-container\">\n\t\t\t<h2 class=\"elementor-heading-title elementor-size-default\">Premio Abre 2011\n<\/h2>\t\t<\/div>\n\t\t\t\t<\/div>\n\t\t\t\t\t<\/div>\n\t\t\t\t<\/div>\n\t\t<div class=\"elementor-element elementor-element-57ddde6 e-flex e-con-boxed e-con e-child\" data-id=\"57ddde6\" data-element_type=\"container\" data-settings=\"{&quot;background_background&quot;:&quot;classic&quot;}\">\n\t\t\t\t\t<div class=\"e-con-inner\">\n\t\t\t\t<div class=\"elementor-element elementor-element-e736e97 elementor-widget elementor-widget-image\" data-id=\"e736e97\" data-element_type=\"widget\" data-widget_type=\"image.default\">\n\t\t\t\t<div class=\"elementor-widget-container\">\n\t\t\t\t\t\t\t\t\t\t\t\t\t<img loading=\"lazy\" decoding=\"async\" width=\"97\" height=\"104\" src=\"https:\/\/www.frascomar.com.br\/wp-content\/uploads\/2023\/12\/premio5.png\" class=\"attachment-large size-large wp-image-694\" alt=\"\" \/>\t\t\t\t\t\t\t\t\t\t\t\t\t<\/div>\n\t\t\t\t<\/div>\n\t\t\t\t<div class=\"elementor-element elementor-element-08b1fb7 elementor-widget elementor-widget-heading\" data-id=\"08b1fb7\" data-element_type=\"widget\" data-widget_type=\"heading.default\">\n\t\t\t\t<div class=\"elementor-widget-container\">\n\t\t\t<h2 class=\"elementor-heading-title elementor-size-default\">Casos de 2010\n<\/h2>\t\t<\/div>\n\t\t\t\t<\/div>\n\t\t\t\t\t<\/div>\n\t\t\t\t<\/div>\n\t\t<div class=\"elementor-element elementor-element-5ce1f36 e-flex e-con-boxed e-con e-child\" data-id=\"5ce1f36\" data-element_type=\"container\">\n\t\t\t\t\t<div class=\"e-con-inner\">\n\t\t\t\t\t<\/div>\n\t\t\t\t<\/div>\n\t\t\t\t\t<\/div>\n\t\t\t\t<\/div>\n\t\t\t\t\t<\/div>\n\t\t\t\t<\/div>\n\t\t\t\t<\/div>","protected":false},"excerpt":{"rendered":"<p>Quem Somos A FRASCOMAR, uma empresa especializada no desenvolvimento e fabrica\u00e7\u00e3o de Embalagens Pl\u00e1sticas, oferece ampla linha de produtos com qualidade assegurada para as empresas do segmento Cosm\u00e9tico, Farmac\u00eautico, Veterin\u00e1rio, Automobil\u00edstico, Aliment\u00edcio, Qu\u00edmico, entre outros. Utilizando os mais modernos processos de Sopro, Inje\u00e7\u00e3o, Decora\u00e7\u00e3o e Ferramentaria, conta com uma equipe de profissionais altamente qualificada para [&hellip;]<\/p>","protected":false},"author":1,"featured_media":0,"parent":0,"menu_order":0,"comment_status":"closed","ping_status":"closed","template":"elementor_header_footer","meta":{"_acf_changed":false,"footnotes":""},"acf":[],"yoast_head":"<!-- This site is optimized with the Yoast SEO plugin v22.6 - https:\/\/yoast.com\/wordpress\/plugins\/seo\/ -->\n<title>Empresa - Frascomar<\/title>\n<meta name=\"robots\" content=\"index, follow, max-snippet:-1, max-image-preview:large, max-video-preview:-1\" \/>\n<link rel=\"canonical\" href=\"https:\/\/www.frascomar.com.br\/es\/empresa\/\" \/>\n<meta property=\"og:locale\" content=\"es_ES\" \/>\n<meta property=\"og:type\" content=\"article\" \/>\n<meta property=\"og:title\" content=\"Empresa - Frascomar\" \/>\n<meta property=\"og:description\" content=\"Quem Somos A FRASCOMAR, uma empresa especializada no desenvolvimento e fabrica\u00e7\u00e3o de Embalagens Pl\u00e1sticas, oferece ampla linha de produtos com qualidade assegurada para as empresas do segmento Cosm\u00e9tico, Farmac\u00eautico, Veterin\u00e1rio, Automobil\u00edstico, Aliment\u00edcio, Qu\u00edmico, entre outros. Utilizando os mais modernos processos de Sopro, Inje\u00e7\u00e3o, Decora\u00e7\u00e3o e Ferramentaria, conta com uma equipe de profissionais altamente qualificada para [&hellip;]\" \/>\n<meta property=\"og:url\" content=\"https:\/\/www.frascomar.com.br\/es\/empresa\/\" \/>\n<meta property=\"og:site_name\" content=\"Frascomar\" \/>\n<meta property=\"article:modified_time\" content=\"2024-03-15T17:15:15+00:00\" \/>\n<meta property=\"og:image\" content=\"https:\/\/www.frascomar.com.br\/wp-content\/uploads\/2023\/12\/certificacao-apcer-9001-logo.png\" \/>\n<meta name=\"twitter:card\" content=\"summary_large_image\" \/>\n<meta name=\"twitter:label1\" content=\"Tiempo de lectura\" \/>\n\t<meta name=\"twitter:data1\" content=\"4 minutos\" \/>\n<script type=\"application\/ld+json\" class=\"yoast-schema-graph\">{\"@context\":\"https:\/\/schema.org\",\"@graph\":[{\"@type\":\"WebPage\",\"@id\":\"https:\/\/www.frascomar.com.br\/empresa\/\",\"url\":\"https:\/\/www.frascomar.com.br\/empresa\/\",\"name\":\"Empresa - Frascomar\",\"isPartOf\":{\"@id\":\"https:\/\/www.frascomar.com.br\/#website\"},\"primaryImageOfPage\":{\"@id\":\"https:\/\/www.frascomar.com.br\/empresa\/#primaryimage\"},\"image\":{\"@id\":\"https:\/\/www.frascomar.com.br\/empresa\/#primaryimage\"},\"thumbnailUrl\":\"https:\/\/www.frascomar.com.br\/wp-content\/uploads\/2023\/12\/certificacao-apcer-9001-logo.png\",\"datePublished\":\"2023-12-29T00:37:53+00:00\",\"dateModified\":\"2024-03-15T17:15:15+00:00\",\"breadcrumb\":{\"@id\":\"https:\/\/www.frascomar.com.br\/empresa\/#breadcrumb\"},\"inLanguage\":\"es\",\"potentialAction\":[{\"@type\":\"ReadAction\",\"target\":[\"https:\/\/www.frascomar.com.br\/empresa\/\"]}]},{\"@type\":\"ImageObject\",\"inLanguage\":\"es\",\"@id\":\"https:\/\/www.frascomar.com.br\/empresa\/#primaryimage\",\"url\":\"https:\/\/www.frascomar.com.br\/wp-content\/uploads\/2023\/12\/certificacao-apcer-9001-logo.png\",\"contentUrl\":\"https:\/\/www.frascomar.com.br\/wp-content\/uploads\/2023\/12\/certificacao-apcer-9001-logo.png\"},{\"@type\":\"BreadcrumbList\",\"@id\":\"https:\/\/www.frascomar.com.br\/empresa\/#breadcrumb\",\"itemListElement\":[{\"@type\":\"ListItem\",\"position\":1,\"name\":\"In\u00edcio\",\"item\":\"https:\/\/www.frascomar.com.br\/\"},{\"@type\":\"ListItem\",\"position\":2,\"name\":\"Empresa\"}]},{\"@type\":\"WebSite\",\"@id\":\"https:\/\/www.frascomar.com.br\/#website\",\"url\":\"https:\/\/www.frascomar.com.br\/\",\"name\":\"Frascomar\",\"description\":\"Excel\u00eancia em embalagens pl\u00e1sticas\",\"potentialAction\":[{\"@type\":\"SearchAction\",\"target\":{\"@type\":\"EntryPoint\",\"urlTemplate\":\"https:\/\/www.frascomar.com.br\/?s={search_term_string}\"},\"query-input\":\"required name=search_term_string\"}],\"inLanguage\":\"es\"}]}<\/script>\n<!-- \/ Yoast SEO plugin. -->","yoast_head_json":{"title":"Empresa - Frascomar","robots":{"index":"index","follow":"follow","max-snippet":"max-snippet:-1","max-image-preview":"max-image-preview:large","max-video-preview":"max-video-preview:-1"},"canonical":"https:\/\/www.frascomar.com.br\/es\/empresa\/","og_locale":"es_ES","og_type":"article","og_title":"Empresa - Frascomar","og_description":"Quem Somos A FRASCOMAR, uma empresa especializada no desenvolvimento e fabrica\u00e7\u00e3o de Embalagens Pl\u00e1sticas, oferece ampla linha de produtos com qualidade assegurada para as empresas do segmento Cosm\u00e9tico, Farmac\u00eautico, Veterin\u00e1rio, Automobil\u00edstico, Aliment\u00edcio, Qu\u00edmico, entre outros. Utilizando os mais modernos processos de Sopro, Inje\u00e7\u00e3o, Decora\u00e7\u00e3o e Ferramentaria, conta com uma equipe de profissionais altamente qualificada para [&hellip;]","og_url":"https:\/\/www.frascomar.com.br\/es\/empresa\/","og_site_name":"Frascomar","article_modified_time":"2024-03-15T17:15:15+00:00","og_image":[{"url":"https:\/\/www.frascomar.com.br\/wp-content\/uploads\/2023\/12\/certificacao-apcer-9001-logo.png"}],"twitter_card":"summary_large_image","twitter_misc":{"Tiempo de lectura":"4 minutos"},"schema":{"@context":"https:\/\/schema.org","@graph":[{"@type":"WebPage","@id":"https:\/\/www.frascomar.com.br\/empresa\/","url":"https:\/\/www.frascomar.com.br\/empresa\/","name":"Empresa - Frascomar","isPartOf":{"@id":"https:\/\/www.frascomar.com.br\/#website"},"primaryImageOfPage":{"@id":"https:\/\/www.frascomar.com.br\/empresa\/#primaryimage"},"image":{"@id":"https:\/\/www.frascomar.com.br\/empresa\/#primaryimage"},"thumbnailUrl":"https:\/\/www.frascomar.com.br\/wp-content\/uploads\/2023\/12\/certificacao-apcer-9001-logo.png","datePublished":"2023-12-29T00:37:53+00:00","dateModified":"2024-03-15T17:15:15+00:00","breadcrumb":{"@id":"https:\/\/www.frascomar.com.br\/empresa\/#breadcrumb"},"inLanguage":"es","potentialAction":[{"@type":"ReadAction","target":["https:\/\/www.frascomar.com.br\/empresa\/"]}]},{"@type":"ImageObject","inLanguage":"es","@id":"https:\/\/www.frascomar.com.br\/empresa\/#primaryimage","url":"https:\/\/www.frascomar.com.br\/wp-content\/uploads\/2023\/12\/certificacao-apcer-9001-logo.png","contentUrl":"https:\/\/www.frascomar.com.br\/wp-content\/uploads\/2023\/12\/certificacao-apcer-9001-logo.png"},{"@type":"BreadcrumbList","@id":"https:\/\/www.frascomar.com.br\/empresa\/#breadcrumb","itemListElement":[{"@type":"ListItem","position":1,"name":"In\u00edcio","item":"https:\/\/www.frascomar.com.br\/"},{"@type":"ListItem","position":2,"name":"Empresa"}]},{"@type":"WebSite","@id":"https:\/\/www.frascomar.com.br\/#website","url":"https:\/\/www.frascomar.com.br\/","name":"Frascomar","description":"Excel\u00eancia em embalagens pl\u00e1sticas","potentialAction":[{"@type":"SearchAction","target":{"@type":"EntryPoint","urlTemplate":"https:\/\/www.frascomar.com.br\/?s={search_term_string}"},"query-input":"required name=search_term_string"}],"inLanguage":"es"}]}},"_links":{"self":[{"href":"https:\/\/www.frascomar.com.br\/es\/wp-json\/wp\/v2\/pages\/440"}],"collection":[{"href":"https:\/\/www.frascomar.com.br\/es\/wp-json\/wp\/v2\/pages"}],"about":[{"href":"https:\/\/www.frascomar.com.br\/es\/wp-json\/wp\/v2\/types\/page"}],"author":[{"embeddable":true,"href":"https:\/\/www.frascomar.com.br\/es\/wp-json\/wp\/v2\/users\/1"}],"replies":[{"embeddable":true,"href":"https:\/\/www.frascomar.com.br\/es\/wp-json\/wp\/v2\/comments?post=440"}],"version-history":[{"count":181,"href":"https:\/\/www.frascomar.com.br\/es\/wp-json\/wp\/v2\/pages\/440\/revisions"}],"predecessor-version":[{"id":1331,"href":"https:\/\/www.frascomar.com.br\/es\/wp-json\/wp\/v2\/pages\/440\/revisions\/1331"}],"wp:attachment":[{"href":"https:\/\/www.frascomar.com.br\/es\/wp-json\/wp\/v2\/media?parent=440"}],"curies":[{"name":"wp","href":"https:\/\/api.w.org\/{rel}","templated":true}]}}